{"id":280,"date":"2018-07-04T18:02:19","date_gmt":"2018-07-04T18:02:19","guid":{"rendered":"http:\/\/rdassessoria.com\/?page_id=280"},"modified":"2021-03-24T12:27:17","modified_gmt":"2021-03-24T15:27:17","slug":"servicos","status":"publish","type":"page","link":"https:\/\/rdassessoria.com\/?page_id=280","title":{"rendered":"Servi\u00e7os"},"content":{"rendered":"\n\n  <div class=\"banner has-hover bg-zoom\" id=\"banner-383382484\">\n          <div class=\"banner-inner fill\">\n        <div class=\"banner-bg fill\" >\n            <div class=\"bg fill bg-fill \"><\/div>\n                        <div class=\"overlay\"><\/div>            \n                    <\/div><!-- bg-layers -->\n        <div class=\"banner-layers container\">\n            <div class=\"fill banner-link\"><\/div>            \n\n   <div id=\"text-box-1382080841\" class=\"text-box banner-layer x50 md-x50 lg-x50 y50 md-y50 lg-y50 res-text\">\n                                <div class=\"text dark\">\n              \n              <div class=\"text-inner text-center\">\n                  \n\n<h2><strong>Servi\u00e7os<\/strong><\/h2>\n<div class=\"social-icons follow-icons full-width text-center\" style=\"font-size:140%\"><a href=\"https:\/\/www.linkedin.com\/company\/rd-assessoria-fiscal\/\" target=\"_blank\" rel=\"noopener noreferrer nofollow\" data-label=\"LinkedIn\" class=\"icon plain  linkedin tooltip\" title=\"Follow on LinkedIn\"><i class=\"icon-linkedin\" ><\/i><\/a><\/div>\n\n\n              <\/div>\n           <\/div><!-- text-box-inner -->\n                            \n<style scope=\"scope\">\n\n#text-box-1382080841 {\n  width: 60%;\n}\n#text-box-1382080841 .text {\n  font-size: 100%;\n}\n<\/style>\n    <\/div><!-- text-box -->\n \n\n        <\/div><!-- .banner-layers -->\n      <\/div><!-- .banner-inner -->\n\n            \n<style scope=\"scope\">\n\n#banner-383382484 {\n  padding-top: 300px;\n  background-color: rgb(255, 255, 255);\n}\n#banner-383382484 .bg.bg-loaded {\n  background-image: url(https:\/\/rdassessoria.com\/wp-content\/uploads\/2018\/07\/unsplash18-4-of-5-1.jpg);\n}\n#banner-383382484 .overlay {\n  background-color: rgba(0, 0, 0, 0.13);\n}\n#banner-383382484 .bg {\n  background-position: 0% 24%;\n}\n<\/style>\n  <\/div><!-- .banner -->\n\n\n\t<section class=\"section\" id=\"section_414810079\">\n\t\t<div class=\"bg section-bg fill bg-fill  bg-loaded\" >\n\n\t\t\t\n\t\t\t\n\t\t\t\n\n\t\t<\/div><!-- .section-bg -->\n\n\t\t<div class=\"section-content relative\">\n\t\t\t\n\n<div class=\"row\"  id=\"row-1631101351\">\n\n<div class=\"col medium-3 small-12 large-3\"  ><div class=\"col-inner box-shadow-4 box-shadow-1-hover\" style=\"padding:22px 0px 11px 0px;\" >\n\n<h5 style=\"text-align: center;\"><img loading=\"lazy\" decoding=\"async\" class=\"alignnone size-full wp-image-294\" src=\"https:\/\/rdassessoria.com\/wp-content\/uploads\/2018\/07\/apuracao-do-valor-adicionado-fiscal-vaf.png\" alt=\"\" width=\"100\" height=\"100\"><\/h5>\n<h5 class=\"uppercase\" style=\"text-align: center;\"><strong>APURA\u00c7\u00c3O DO VALOR ADICIONADO FISCAL &#8211; VAF<\/strong><\/h5>\n\n<\/div><\/div>\n<div class=\"col medium-9 small-12 large-9 col-hover-fade\"  ><div class=\"col-inner box-shadow-4 box-shadow-1-hover\" style=\"padding:10px 17px 20px 22px;\" >\n\n<p style=\"text-align: justify;\">O&nbsp;Valor Adicionado Fiscal \u2013 VAF&nbsp;\u2013 \u00e9 um indicador econ\u00f4mico-cont\u00e1bil utilizado pelo Estado para calcular o repasse de receita do ICMS e do IPI aos munic\u00edpios mineiros e \u00e9 apurado pela Secretaria de Estado de Fazenda \u2013 SEF\/MG \u2013 com base em declara\u00e7\u00f5es anuais apresentadas pelas empresas estabelecidas nos respectivos munic\u00edpios.<\/p>\n<p style=\"text-align: justify;\">Devemos ressaltar que o repasse do ICMS se constitui dentre as maiores fontes de receitas dos munic\u00edpios, e exatamente por esta import\u00e2ncia, torna-se fundamental que os gestores p\u00fablicos se conscientizem da necessidade de investimentos na estrutura fazend\u00e1ria municipal, de forma a permitir a participa\u00e7\u00e3o dos seus munic\u00edpios na apura\u00e7\u00e3o do \u00edndice de repasse. N\u00e3o se trata de um simples repasse do ICMS para o munic\u00edpio, e sim de uma quest\u00e3o complexa, onde a Administra\u00e7\u00e3o Municipal deve recorrer ao assessoramento especializado, como forma de defesa de seus interesses.<\/p>\n<p style=\"text-align: justify;\">\u00c9 importante que se tenha certeza de que os valores apurados no VAF se aproximam da realidade econ\u00f4mica do munic\u00edpio, sem distor\u00e7\u00f5es ou omiss\u00f5es por parte do universo de contribuintes obrigado a apresentar as informa\u00e7\u00f5es.<\/p>\n<p style=\"text-align: justify;\">O&nbsp;<strong>Servi\u00e7o de Acompanhamento e Apura\u00e7\u00e3o do VAF<\/strong>&nbsp;visa o assessoramento \u00e0 Prefeitura Municipal, objetivando o adequado acompanhamento junto \u00e0 Secretaria de Estado da Fazenda na apura\u00e7\u00e3o do VAF, relativo ao ano-exerc\u00edcio anterior.<\/p>\n\n<\/div><\/div>\n\n<\/div>\n\n\t\t<\/div><!-- .section-content -->\n\n\t\t\n<style scope=\"scope\">\n\n#section_414810079 {\n  padding-top: 20px;\n  padding-bottom: 20px;\n}\n<\/style>\n\t<\/section>\n\t\n\t<section class=\"section\" id=\"section_1370587536\">\n\t\t<div class=\"bg section-bg fill bg-fill  bg-loaded\" >\n\n\t\t\t\n\t\t\t\n\t\t\t\n\n\t\t<\/div><!-- .section-bg -->\n\n\t\t<div class=\"section-content relative\">\n\t\t\t\n\n<div class=\"row row-box-shadow-3\"  id=\"row-551121649\">\n\n<div class=\"col medium-3 small-12 large-3\"  ><div class=\"col-inner box-shadow-4 box-shadow-1-hover\" style=\"padding:24px 17px 4px 0px;\" >\n\n<p><span style=\"font-size: 90%;\"><\/span><\/p>\n<h5 style=\"text-align: center;\"><img loading=\"lazy\" decoding=\"async\" class=\"alignnone size-full wp-image-295\" src=\"https:\/\/rdassessoria.com\/wp-content\/uploads\/2018\/07\/SISTEMA-WEBVAF.png\" alt=\"\" width=\"100\" height=\"66\"><\/h5>\n<h5 class=\"uppercase\" style=\"text-align: center;\">SISTEMA WEBVAF<\/h5>\n\n<\/div><\/div>\n<div class=\"col medium-9 small-12 large-9 col-hover-fade\"  ><div class=\"col-inner box-shadow-4 box-shadow-1-hover\" style=\"padding:12px 20px 9px 23px;margin:0px 0px -2px 0px;\" >\n\n<p style=\"text-align: justify;\">Como forma de aumentar a capacidade de efici\u00eancia do servi\u00e7o, o sistema&nbsp;<strong>WebVAF<\/strong>&nbsp;foi desenvolvido pela&nbsp;<strong>RD Assessoria Fiscal<\/strong>&nbsp;permitindo a automatiza\u00e7\u00e3o e digitaliza\u00e7\u00e3o dos dados na apura\u00e7\u00e3o do VAF, tendo como banco de dados os arquivos enviados diretamente pela SEF\/MG.<\/p>\n<p style=\"text-align: justify;\">Este tem funcionalidades que apresentam as informa\u00e7\u00f5es no cadastro de contribuintes e declara\u00e7\u00f5es, acompanha a evolu\u00e7\u00e3o do \u00edndice do VAF, corrige desvios, imprime relat\u00f3rios e faz o acompanhamento dos itens da Lei Robin Hood.<\/p>\n<p style=\"text-align: justify;\">Todos os dados necess\u00e1rios ao processo de apura\u00e7\u00e3o do \u00edndice do VAF s\u00e3o carregados no sistema, processados, avaliados e disponibilizados para acompanhamento, incluindo v\u00e1rios relat\u00f3rios que permitem localizar todas as inconsist\u00eancias do VAF, para que se possa cobrar justificativas ou substitui\u00e7\u00e3o junto aos contadores, atrav\u00e9s de of\u00edcios tamb\u00e9m gerados automaticamente.<\/p>\n<p style=\"text-align: justify;\">O sistema fica dispon\u00edvel na internet para os respons\u00e1veis e\/ou Gestores Municipais durante todo o tempo, permitindo o acompanhamento constante e corre\u00e7\u00e3o dos desvios do \u00edndice provis\u00f3rio do munic\u00edpio. Todos os envolvidos no processo de apura\u00e7\u00e3o do VAF podem ter as informa\u00e7\u00f5es dispon\u00edveis a qualquer momento, permitindo uma vis\u00e3o simples e eficiente na sua apura\u00e7\u00e3o.<\/p>\n\n<\/div><\/div>\n\n\n<style scope=\"scope\">\n\n#row-551121649 > .col > .col-inner {\n  padding: 21px 24px 0px 18px;\n  background-color: rgba(171, 167, 167, 0.18);\n}\n<\/style>\n<\/div>\n\n\t\t<\/div><!-- .section-content -->\n\n\t\t\n<style scope=\"scope\">\n\n#section_1370587536 {\n  padding-top: 20px;\n  padding-bottom: 20px;\n}\n<\/style>\n\t<\/section>\n\t\n\t<section class=\"section\" id=\"section_216159582\">\n\t\t<div class=\"bg section-bg fill bg-fill  bg-loaded\" >\n\n\t\t\t\n\t\t\t\n\t\t\t\n\n\t\t<\/div><!-- .section-bg -->\n\n\t\t<div class=\"section-content relative\">\n\t\t\t\n\n<div class=\"row\"  id=\"row-1420489789\">\n\n<div class=\"col medium-3 small-12 large-3\"  ><div class=\"col-inner box-shadow-4 box-shadow-1-hover\" style=\"padding:30px 0px 18px 0px;\" >\n\n<h5 style=\"text-align: center;\"><img loading=\"lazy\" decoding=\"async\" class=\"alignnone size-full wp-image-296\" src=\"https:\/\/rdassessoria.com\/wp-content\/uploads\/2018\/07\/ACOMPANHAMENTO-DA-LEI-ROBIN-HOOD.png\" alt=\"\" width=\"100\" height=\"95\"><\/h5>\n<h5 class=\"uppercase\" style=\"text-align: center;\">ACOMPANHAMENTO DA LEI ROBIN HOOD<\/h5>\n\n<\/div><\/div>\n<div class=\"col medium-9 small-12 large-9 col-hover-fade\"  ><div class=\"col-inner text-left box-shadow-4 box-shadow-1-hover\" style=\"padding:15px 23px 0px 21px;margin:0px 14px -41px 0px;\" >\n\n<p style=\"text-align: justify;\">O trabalho ainda \u00e9 complementado com o <strong>Acompanhamento da Lei Robin Hood,<\/strong> controlando m\u00eas a m\u00eas os demais 17 crit\u00e9rios da Lei Robin Hood (Lei Estadual N\u00b018.030) com e elabora\u00e7\u00e3o de recursos e montagem de processos para o devido recebimento das receitas de direito aos munic\u00edpios. Os crit\u00e9rios est\u00e3o listados abaixo com seus respectivos pesos no \u00edndice de distribui\u00e7\u00e3o do ICMS.<\/p>\n<p><img loading=\"lazy\" decoding=\"async\" class=\"alignnone size-full wp-image-937\" src=\"https:\/\/rdassessoria.com\/wp-content\/uploads\/2021\/03\/foto-bkp-rdassessoria.jpg\" alt=\"\" width=\"896\" height=\"341\"><\/p>\n\n<\/div><\/div>\n\n<\/div>\n\n\t\t<\/div><!-- .section-content -->\n\n\t\t\n<style scope=\"scope\">\n\n#section_216159582 {\n  padding-top: 20px;\n  padding-bottom: 20px;\n}\n<\/style>\n\t<\/section>\n\t\n\t<section class=\"section\" id=\"section_1660579600\">\n\t\t<div class=\"bg section-bg fill bg-fill  bg-loaded\" >\n\n\t\t\t\n\t\t\t\n\t\t\t\n\n\t\t<\/div><!-- .section-bg -->\n\n\t\t<div class=\"section-content relative\">\n\t\t\t\n\n<div class=\"row row-box-shadow-3\"  id=\"row-915262417\">\n\n<div class=\"col medium-3 small-12 large-3\"  ><div class=\"col-inner box-shadow-4 box-shadow-1-hover\" style=\"padding:31px 17px 4px 0px;\" >\n\n<p style=\"text-align: center;\"><img loading=\"lazy\" decoding=\"async\" class=\"size-full wp-image-562 aligncenter\" src=\"http:\/\/rdassessoria.com\/wp-content\/uploads\/2019\/06\/historico-1.png\" alt=\"\" width=\"100\" height=\"100\"><br \/><b>ICMS CULTURAL<\/b><\/p>\n\n<\/div><\/div>\n<div class=\"col medium-9 small-12 large-9 col-hover-fade\"  ><div class=\"col-inner box-shadow-4 box-shadow-1-hover\" style=\"padding:8px 28px 0px 17px;margin:0 0px 10px 0px;\" >\n\n<p style=\"text-align: justify;\">Consultoria e elabora\u00e7\u00e3o de trabalhos t\u00e9cnicos, para prefeituras do Estado de Minas Gerais, em atendimento ao IEPHA-Instituto Estadual do Patrim\u00f4nio Hist\u00f3rico e Art\u00edstico de Minas Gerais para o ICMS Patrim\u00f4nio Cultural, com objetivo de atender \u00e0s exig\u00eancias definidas na Delibera\u00e7\u00e3o Normativa CONEP vigente, de seus Quadros e respectivos Conjuntos Documentais.<\/p>\n<p>&nbsp;<\/p>\n\n<\/div><\/div>\n\n\n<style scope=\"scope\">\n\n#row-915262417 > .col > .col-inner {\n  padding: 47px 28px 7px 18px;\n  background-color: rgba(171, 167, 167, 0.18);\n}\n<\/style>\n<\/div>\n\n\t\t<\/div><!-- .section-content -->\n\n\t\t\n<style scope=\"scope\">\n\n#section_1660579600 {\n  padding-top: 20px;\n  padding-bottom: 20px;\n}\n<\/style>\n\t<\/section>\n\t\n\n","protected":false},"excerpt":{"rendered":"","protected":false},"author":1,"featured_media":0,"parent":0,"menu_order":0,"comment_status":"closed","ping_status":"closed","template":"","meta":{"footnotes":""},"class_list":["post-280","page","type-page","status-publish","hentry"],"_links":{"self":[{"href":"https:\/\/rdassessoria.com\/index.php?rest_route=\/wp\/v2\/pages\/280","targetHints":{"allow":["GET"]}}],"collection":[{"href":"https:\/\/rdassessoria.com\/index.php?rest_route=\/wp\/v2\/pages"}],"about":[{"href":"https:\/\/rdassessoria.com\/index.php?rest_route=\/wp\/v2\/types\/page"}],"author":[{"embeddable":true,"href":"https:\/\/rdassessoria.com\/index.php?rest_route=\/wp\/v2\/users\/1"}],"replies":[{"embeddable":true,"href":"https:\/\/rdassessoria.com\/index.php?rest_route=%2Fwp%2Fv2%2Fcomments&post=280"}],"version-history":[{"count":6,"href":"https:\/\/rdassessoria.com\/index.php?rest_route=\/wp\/v2\/pages\/280\/revisions"}],"predecessor-version":[{"id":789,"href":"https:\/\/rdassessoria.com\/index.php?rest_route=\/wp\/v2\/pages\/280\/revisions\/789"}],"wp:attachment":[{"href":"https:\/\/rdassessoria.com\/index.php?rest_route=%2Fwp%2Fv2%2Fmedia&parent=280"}],"curies":[{"name":"wp","href":"https:\/\/api.w.org\/{rel}","templated":true}]}}