{"id":271,"date":"2018-07-04T17:54:18","date_gmt":"2018-07-04T17:54:18","guid":{"rendered":"http:\/\/rdassessoria.com\/?page_id=271"},"modified":"2023-02-28T11:47:40","modified_gmt":"2023-02-28T14:47:40","slug":"empresa","status":"publish","type":"page","link":"https:\/\/rdassessoria.com\/?page_id=271","title":{"rendered":"Empresa"},"content":{"rendered":"\n\n  <div class=\"banner has-hover bg-zoom has-parallax\" id=\"banner-52637156\">\n          <div class=\"banner-inner fill\">\n        <div class=\"banner-bg fill\" data-parallax=\"-2\" data-parallax-container=\".banner\" data-parallax-background>\n            <div class=\"bg fill bg-fill \"><\/div>\n                        <div class=\"overlay\"><\/div>            \n                    <\/div><!-- bg-layers -->\n        <div class=\"banner-layers container\">\n            <div class=\"fill banner-link\"><\/div>            \n\n   <div id=\"text-box-1957119764\" class=\"text-box banner-layer x50 md-x50 lg-x50 y80 md-y80 lg-y80 res-text\">\n                                <div class=\"text dark\">\n              \n              <div class=\"text-inner text-center\">\n                  \n\n\n              <\/div>\n           <\/div><!-- text-box-inner -->\n                            \n<style scope=\"scope\">\n\n#text-box-1957119764 {\n  width: 60%;\n}\n#text-box-1957119764 .text {\n  font-size: 100%;\n}\n<\/style>\n    <\/div><!-- text-box -->\n \n   <div id=\"text-box-1763344533\" class=\"text-box banner-layer x50 md-x50 lg-x50 y50 md-y50 lg-y50 res-text\">\n                                <div class=\"text dark\">\n              \n              <div class=\"text-inner text-center\">\n                  \n\n<h2><strong>Conhe\u00e7a nossa empresa<\/strong><\/h2>\n\n              <\/div>\n           <\/div><!-- text-box-inner -->\n                            \n<style scope=\"scope\">\n\n#text-box-1763344533 {\n  width: 60%;\n}\n#text-box-1763344533 .text {\n  font-size: 100%;\n}\n<\/style>\n    <\/div><!-- text-box -->\n \n\n        <\/div><!-- .banner-layers -->\n      <\/div><!-- .banner-inner -->\n\n            \n<style scope=\"scope\">\n\n#banner-52637156 {\n  padding-top: 300px;\n  background-color: rgb(255, 255, 255);\n}\n#banner-52637156 .bg.bg-loaded {\n  background-image: url(https:\/\/rdassessoria.com\/wp-content\/uploads\/2018\/07\/re-assessoria-minasgerais-6-1.jpg);\n}\n#banner-52637156 .overlay {\n  background-color: rgba(0, 0, 0, 0.12);\n}\n#banner-52637156 .bg {\n  background-position: 62% 34%;\n}\n<\/style>\n  <\/div><!-- .banner -->\n\n\n\t<section class=\"section\" id=\"section_1333549415\">\n\t\t<div class=\"bg section-bg fill bg-fill  bg-loaded\" >\n\n\t\t\t\n\t\t\t\n\t\t\t\n\n\t\t<\/div><!-- .section-bg -->\n\n\t\t<div class=\"section-content relative\">\n\t\t\t\n\n<div class=\"row\"  id=\"row-860134379\">\n\n<div class=\"col small-12 large-12\"  ><div class=\"col-inner\"  >\n\n<p style=\"text-align: justify;\"><span style=\"font-size: 105%;\">A <strong>RD ASSESSORIA FISCAL<\/strong> \u00e9 uma empresa mineira fundada em 1990, com sede em Formiga\/MG e tamb\u00e9m com escrit\u00f3rio em Belo Horizonte, que atende a todo o estado de Minas Gerais.<\/span><\/p>\n<p style=\"text-align: justify;\"><span style=\"font-size: 105%;\">Atua desde sua funda\u00e7\u00e3o com servi\u00e7o&nbsp;na<strong> Apura\u00e7\u00e3o do VAF<\/strong> e <strong>Acompanhamento da Lei Robin Hood<\/strong>, com mais de 30 anos de experi\u00eancia no aumento de receitas de para administra\u00e7\u00f5es municipais, proporcionando o servi\u00e7o em mais de 80 munic\u00edpios diferentes do estado nesse per\u00edodo.<\/span><\/p>\n<p><span style=\"font-size: 105%;\">Tem como principal objetivo gerar valor aos seus clientes atrav\u00e9s da an\u00e1lise e gest\u00e3o das informa\u00e7\u00f5es, provendo-lhes solu\u00e7\u00f5es para a recupera\u00e7\u00e3o de receitas, e com a utiliza\u00e7\u00e3o de informa\u00e7\u00f5es relevantes, aproximar os valores apurados da realidade econ\u00f4mica do munic\u00edpio, com responsabilidade, qualidade, efic\u00e1cia, e principalmente, satisfa\u00e7\u00e3o do cliente.<\/span><\/p>\n<p style=\"text-align: justify;\"><span style=\"font-size: 105%;\">Apresenta como diferencial, o&nbsp;<strong>WebVAF<\/strong>, sistema via web que foi desenvolvido a partir de 2008, para automatiza\u00e7\u00e3o e digitaliza\u00e7\u00e3o dos dados para a <strong>Apura\u00e7\u00e3o do VAF<\/strong> e <strong>Acompanhamento da Lei<\/strong> <strong>Robin Hood<\/strong>. A base de dados do sistema, assim como sua confiabilidade, vem dos arquivos enviados diretamente da Secretaria de Estado de Fazenda de Minas Gerais \u2013 SEF\/MG.<\/span><\/p>\n\n<\/div><\/div>\n\n<\/div>\n\n\t\t<\/div><!-- .section-content -->\n\n\t\t\n<style scope=\"scope\">\n\n#section_1333549415 {\n  padding-top: 20px;\n  padding-bottom: 20px;\n}\n<\/style>\n\t<\/section>\n\t\n\t<section class=\"section\" id=\"section_1158988873\">\n\t\t<div class=\"bg section-bg fill bg-fill  bg-loaded\" >\n\n\t\t\t\n\t\t\t\n\t\t\t\n\n\t\t<\/div><!-- .section-bg -->\n\n\t\t<div class=\"section-content relative\">\n\t\t\t\n\n<div class=\"row\"  id=\"row-2084956249\">\n\n\n<\/div>\n\n\t\t<\/div><!-- .section-content -->\n\n\t\t\n<style scope=\"scope\">\n\n#section_1158988873 {\n  padding-top: 20px;\n  padding-bottom: 20px;\n}\n<\/style>\n\t<\/section>\n\t\n","protected":false},"excerpt":{"rendered":"","protected":false},"author":1,"featured_media":0,"parent":0,"menu_order":0,"comment_status":"closed","ping_status":"closed","template":"","meta":{"footnotes":""},"class_list":["post-271","page","type-page","status-publish","hentry"],"_links":{"self":[{"href":"https:\/\/rdassessoria.com\/index.php?rest_route=\/wp\/v2\/pages\/271","targetHints":{"allow":["GET"]}}],"collection":[{"href":"https:\/\/rdassessoria.com\/index.php?rest_route=\/wp\/v2\/pages"}],"about":[{"href":"https:\/\/rdassessoria.com\/index.php?rest_route=\/wp\/v2\/types\/page"}],"author":[{"embeddable":true,"href":"https:\/\/rdassessoria.com\/index.php?rest_route=\/wp\/v2\/users\/1"}],"replies":[{"embeddable":true,"href":"https:\/\/rdassessoria.com\/index.php?rest_route=%2Fwp%2Fv2%2Fcomments&post=271"}],"version-history":[{"count":3,"href":"https:\/\/rdassessoria.com\/index.php?rest_route=\/wp\/v2\/pages\/271\/revisions"}],"predecessor-version":[{"id":899,"href":"https:\/\/rdassessoria.com\/index.php?rest_route=\/wp\/v2\/pages\/271\/revisions\/899"}],"wp:attachment":[{"href":"https:\/\/rdassessoria.com\/index.php?rest_route=%2Fwp%2Fv2%2Fmedia&parent=271"}],"curies":[{"name":"wp","href":"https:\/\/api.w.org\/{rel}","templated":true}]}}